{"id":337,"date":"2018-04-26T20:24:12","date_gmt":"2018-04-26T18:24:12","guid":{"rendered":"http:\/\/www.jlpriest.com\/team\/"},"modified":"2026-02-03T15:07:22","modified_gmt":"2026-02-03T14:07:22","slug":"equipe","status":"publish","type":"page","link":"https:\/\/www.jlpriest.com\/en\/equipe\/","title":{"rendered":"Team"},"content":{"rendered":"<p>[et_pb_section fb_built=&#8221;1&#8243; _builder_version=&#8221;4.16&#8243; global_colors_info=&#8221;{}&#8221;][et_pb_row column_structure=&#8221;1_4,1_4,1_4,1_4&#8243; _builder_version=&#8221;4.16&#8243; background_size=&#8221;initial&#8221; background_position=&#8221;top_left&#8221; background_repeat=&#8221;repeat&#8221; global_colors_info=&#8221;{}&#8221;][et_pb_column type=&#8221;1_4&#8243; _builder_version=&#8221;4.16&#8243; custom_padding=&#8221;|||&#8221; global_colors_info=&#8221;{}&#8221; custom_padding__hover=&#8221;|||&#8221;][et_pb_team_member name=&#8221;Frederick Angiolelli &#8221; position=&#8221;\u00c9lectricien &#8221; image_url=&#8221;https:\/\/www.jlpriest.com\/wp-content\/uploads\/2021\/03\/Frederick-Angiolelliz-2.jpg&#8221; admin_label=&#8221;F. Angiolelli&#8221; _builder_version=&#8221;4.18.0&#8243; global_colors_info=&#8221;{}&#8221;]<\/p>\n<p><a href=\"mailto:fangiolelli@jlpriest.com\">fangiolelli@jlpriest.com<\/a><\/p>\n<p>[\/et_pb_team_member][\/et_pb_column][et_pb_column type=&#8221;1_4&#8243; _builder_version=&#8221;4.16&#8243; custom_padding=&#8221;|||&#8221; global_colors_info=&#8221;{}&#8221; custom_padding__hover=&#8221;|||&#8221;][et_pb_team_member name=&#8221;Laurent Arsenault&#8221; position=&#8221;\u00c9lectricien et contrema\u00eetre &#8221; image_url=&#8221;https:\/\/www.jlpriest.com\/wp-content\/uploads\/2018\/04\/Logo_Priest_Const.png&#8221; admin_label=&#8221;L. Arsenault&#8221; _builder_version=&#8221;4.23.1&#8243; global_colors_info=&#8221;{}&#8221;]<\/p>\n<p><a href=\"mailto:larsenault@jlpriest.com\">larsenault@jlpriest.com<\/a><\/p>\n<p>[\/et_pb_team_member][\/et_pb_column][et_pb_column type=&#8221;1_4&#8243; _builder_version=&#8221;4.16&#8243; custom_padding=&#8221;|||&#8221; global_colors_info=&#8221;{}&#8221; custom_padding__hover=&#8221;|||&#8221;][et_pb_team_member name=&#8221;Rosaire Dulude&#8221; position=&#8221;\u00c9lectricien&#8221; image_url=&#8221;https:\/\/www.jlpriest.com\/wp-content\/uploads\/2021\/03\/employee_rosaire.jpg&#8221; admin_label=&#8221;R. Dulude&#8221; _builder_version=&#8221;4.16&#8243; global_colors_info=&#8221;{}&#8221;]<\/p>\n<p>\nRosaire est un \u00e9lectricien avec 40 ans d\u2019exp\u00e9rience en \u00e9lectricit\u00e9, cumul\u00e9 \u00e0 la STM et chez Priest. Rosaire profite de son temps libre pour faire de la moto, du VTT et voyager.<br \/><a href=\"mailto:rdulude@jlpriest.com\">rdulude@jlpriest.com<\/a><\/p>\n<p>[\/et_pb_team_member][\/et_pb_column][et_pb_column type=&#8221;1_4&#8243; _builder_version=&#8221;4.16&#8243; custom_padding=&#8221;|||&#8221; global_colors_info=&#8221;{}&#8221; custom_padding__hover=&#8221;|||&#8221;][et_pb_team_member name=&#8221;Philippe Gu\u00e9rin&#8221; position=&#8221;Charpentier-menuisier et contrema\u00eetre&#8221; image_url=&#8221;https:\/\/www.jlpriest.com\/wp-content\/uploads\/2018\/04\/Logo_Priest_Const.png&#8221; admin_label=&#8221;P. Gu\u00e9rin&#8221; _builder_version=&#8221;4.27.0&#8243; global_colors_info=&#8221;{}&#8221;]<\/p>\n<p><a href=\"mailto:pguerin@jlpriest.com\">pguerin@jlpriest.com<\/a><\/p>\n<p>[\/et_pb_team_member][\/et_pb_column][\/et_pb_row][et_pb_row column_structure=&#8221;1_4,1_4,1_4,1_4&#8243; _builder_version=&#8221;4.16&#8243; background_size=&#8221;initial&#8221; background_position=&#8221;top_left&#8221; background_repeat=&#8221;repeat&#8221; global_colors_info=&#8221;{}&#8221;][et_pb_column type=&#8221;1_4&#8243; _builder_version=&#8221;4.16&#8243; custom_padding=&#8221;|||&#8221; global_colors_info=&#8221;{}&#8221; custom_padding__hover=&#8221;|||&#8221;][et_pb_team_member name=&#8221;Chelsea Keddy&#8221; position=&#8221;Executive assistant &#038; accounting&#8221; image_url=&#8221;https:\/\/www.jlpriest.com\/wp-content\/uploads\/2021\/03\/employee_chelsea.jpg&#8221; admin_label=&#8221;C. Keddy&#8221; _builder_version=&#8221;4.25.2&#8243; global_colors_info=&#8221;{}&#8221;]<\/p>\n<p><a href=\"mailto:ckeddy@jlpriest.com\">ckeddy@jlpriest.com<\/a><\/p>\n<p>[\/et_pb_team_member][\/et_pb_column][et_pb_column type=&#8221;1_4&#8243; _builder_version=&#8221;4.16&#8243; custom_padding=&#8221;|||&#8221; global_colors_info=&#8221;{}&#8221; custom_padding__hover=&#8221;|||&#8221;][et_pb_team_member name=&#8221;Sylvain Lafrance&#8221; position=&#8221;Charpentier-Menuisier&#8221; image_url=&#8221;https:\/\/www.jlpriest.com\/wp-content\/uploads\/2021\/10\/sylvain-lafrancezc.jpg&#8221; admin_label=&#8221;S. Lafrance&#8221; _builder_version=&#8221;4.18.0&#8243; global_colors_info=&#8221;{}&#8221;]<\/p>\n<p><a href=\"mailto:slafrance@jlpriest.com\">slafrance@jlpriest.com<\/a><\/p>\n<p>[\/et_pb_team_member][\/et_pb_column][et_pb_column type=&#8221;1_4&#8243; _builder_version=&#8221;4.16&#8243; custom_padding=&#8221;|||&#8221; global_colors_info=&#8221;{}&#8221; custom_padding__hover=&#8221;|||&#8221;][et_pb_team_member name=&#8221;J\u00e9r\u00e9mie Leduc&#8221; position=&#8221;Gestionnaire de projet et estimateur &#8221; image_url=&#8221;https:\/\/www.jlpriest.com\/wp-content\/uploads\/2021\/10\/jeremie-Leduczz.jpg&#8221; admin_label=&#8221;J. Leduc&#8221; _builder_version=&#8221;4.16&#8243; global_colors_info=&#8221;{}&#8221;]<\/p>\n<p>J\u00e9r\u00e9mie est un gestionnaire de projet et estimateur avec 12 ans d\u2019exp\u00e9rience dans l\u2019industrie de la construction. J\u00e9r\u00e9mie est p\u00e8re d\u2019une petite fille et aime profiter du temps avec sa famille.<br \/><a href=\"mailto:jleduc@jlpriest.com\">jleduc@jlpriest.com<\/a><\/p>\n<p>[\/et_pb_team_member][\/et_pb_column][et_pb_column type=&#8221;1_4&#8243; _builder_version=&#8221;4.16&#8243; custom_padding=&#8221;|||&#8221; global_colors_info=&#8221;{}&#8221; custom_padding__hover=&#8221;|||&#8221;][et_pb_team_member name=&#8221;Patrick Lestage&#8221; position=&#8221;\u00c9lectricien&#8221; image_url=&#8221;https:\/\/www.jlpriest.com\/wp-content\/uploads\/2021\/03\/employee_Patrick-Lestage.jpg&#8221; admin_label=&#8221;P. Lestage&#8221; _builder_version=&#8221;4.16&#8243; global_colors_info=&#8221;{}&#8221;]<\/p>\n<p>\nPatrick est un \u00e9lectricien avec 12 ans d\u2019exp\u00e9rience en \u00e9lectricit\u00e9. P\u00e8re de quatre enfants, Patrick est un grand amateur de chasse l\u2019automne et planche \u00e0 neige l\u2019hiver.<br \/><a href=\"mailto:plestage@jlpriest.com\">plestage@jlpriest.com<\/a><\/p>\n<p>[\/et_pb_team_member][\/et_pb_column][\/et_pb_row][et_pb_row column_structure=&#8221;1_4,1_4,1_4,1_4&#8243; _builder_version=&#8221;4.16&#8243; background_size=&#8221;initial&#8221; background_position=&#8221;top_left&#8221; background_repeat=&#8221;repeat&#8221; global_colors_info=&#8221;{}&#8221;][et_pb_column type=&#8221;1_4&#8243; _builder_version=&#8221;4.16&#8243; custom_padding=&#8221;|||&#8221; global_colors_info=&#8221;{}&#8221; custom_padding__hover=&#8221;|||&#8221;][et_pb_team_member name=&#8221;Richard Payant&#8221; position=&#8221;\u00c9lectricien&#8221; image_url=&#8221;https:\/\/www.jlpriest.com\/wp-content\/uploads\/2021\/03\/employee_richard-Payant.jpg&#8221; admin_label=&#8221;R. Payant&#8221; _builder_version=&#8221;4.16&#8243; global_colors_info=&#8221;{}&#8221;]<\/p>\n<p>\nRichard est un \u00e9lectricien avec 22 ans d\u2019exp\u00e9rience en \u00e9lectricit\u00e9. P\u00e8re de trois filles, Richard est aussi pompier \u00e0 temps partiel avec 17 ann\u00e9es de service.<br \/><a href=\"mailto:rpayant@jlpriest.com\">rpayant@jlpriest.com<\/a><\/p>\n<p>[\/et_pb_team_member][\/et_pb_column][et_pb_column type=&#8221;1_4&#8243; _builder_version=&#8221;4.16&#8243; custom_padding=&#8221;|||&#8221; global_colors_info=&#8221;{}&#8221; custom_padding__hover=&#8221;|||&#8221;][et_pb_team_member name=&#8221;Normand Poissant&#8221; position=&#8221;Charpentier-menuisier&#8221; image_url=&#8221;https:\/\/www.jlpriest.com\/wp-content\/uploads\/2021\/03\/employee_Normand.jpg&#8221; admin_label=&#8221;N. Poissant&#8221; _builder_version=&#8221;4.16&#8243; global_colors_info=&#8221;{}&#8221;]<\/p>\n<p>\nNormand est un charpentier-menuisier depuis 17 ans et poss\u00e8de 37 ans d&#8217;exp\u00e9rience en construction. Normand est p\u00e8re de deux enfants et aime faire des voyages avec sa conjointe.<br \/><a href=\"mailto:npoissant20@gmail.com\">npoissant20@gmail.com<\/a><\/p>\n<p>[\/et_pb_team_member][\/et_pb_column][et_pb_column type=&#8221;1_4&#8243; _builder_version=&#8221;4.16&#8243; custom_padding=&#8221;|||&#8221; global_colors_info=&#8221;{}&#8221; custom_padding__hover=&#8221;|||&#8221;][et_pb_team_member name=&#8221;Richard Priest&#8221; image_url=&#8221;https:\/\/www.jlpriest.com\/wp-content\/uploads\/2021\/03\/employee_Richard-Priest.jpg&#8221; admin_label=&#8221;R. Priest&#8221; _builder_version=&#8221;4.16&#8243; global_colors_info=&#8221;{}&#8221;]<\/p>\n<p>\nRichard est le gardien de la culture de l\u2019entreprise et s\u2019assure du bon alignement de celle-ci avec tous ses partenaires. <br \/><a href=\"mailto:rpriest@jlpriest.com\">rpriest@jlpriest.com<\/a><\/p>\n<p>[\/et_pb_team_member][\/et_pb_column][et_pb_column type=&#8221;1_4&#8243; _builder_version=&#8221;4.16&#8243; custom_padding=&#8221;|||&#8221; global_colors_info=&#8221;{}&#8221; custom_padding__hover=&#8221;|||&#8221;][et_pb_team_member name=&#8221;Dany Rodrigue&#8221; position=&#8221;Charpentier-menuisier et contrema\u00eetre&#8221; image_url=&#8221;https:\/\/www.jlpriest.com\/wp-content\/uploads\/2021\/03\/employee_dany.jpg&#8221; admin_label=&#8221;D. Rodrigue&#8221; _builder_version=&#8221;4.16&#8243; global_colors_info=&#8221;{}&#8221;]<\/p>\n<p>\nDany est un charpentier-menuisier et contrema\u00eetre avec 11 ans d\u2019exp\u00e9rience en construction. Dany est aussi agriculteur et lorsqu\u2019il n\u2019est pas sur les chantiers, il travaille sur ses terres.<br \/><a href=\"mailto:drodrigue@jlpriest.com\">drodrigue@jlpriest.com<\/a><\/p>\n<p>[\/et_pb_team_member][\/et_pb_column][\/et_pb_row][et_pb_row column_structure=&#8221;1_4,1_4,1_4,1_4&#8243; _builder_version=&#8221;4.16&#8243; background_size=&#8221;initial&#8221; background_position=&#8221;top_left&#8221; background_repeat=&#8221;repeat&#8221; global_colors_info=&#8221;{}&#8221;][et_pb_column type=&#8221;1_4&#8243; _builder_version=&#8221;4.16&#8243; custom_padding=&#8221;|||&#8221; global_colors_info=&#8221;{}&#8221; custom_padding__hover=&#8221;|||&#8221;][et_pb_team_member name=&#8221;Daphn\u00e9e Thibeault&#8221; position=&#8221;Adjointe administrative&#8221; image_url=&#8221;https:\/\/www.jlpriest.com\/wp-content\/uploads\/2021\/10\/Daphneezb.jpg&#8221; admin_label=&#8221;D. Thibeault&#8221; _builder_version=&#8221;4.18.0&#8243; global_colors_info=&#8221;{}&#8221;]<\/p>\n<p><a href=\"mailto:dthibeault@jlpriest.com\">dthibeault@jlpriest.com<\/a><\/p>\n<p>[\/et_pb_team_member][\/et_pb_column][et_pb_column type=&#8221;1_4&#8243; _builder_version=&#8221;4.16&#8243; custom_padding=&#8221;|||&#8221; global_colors_info=&#8221;{}&#8221; custom_padding__hover=&#8221;|||&#8221;][et_pb_team_member name=&#8221;Denis Turbide&#8221; position=&#8221;Concepteur de syst\u00e8me automatis\u00e9s, \u00e9lectricien et contrema\u00eetre&#8221; image_url=&#8221;https:\/\/www.jlpriest.com\/wp-content\/uploads\/2018\/04\/Logo_Priest_Const.png&#8221; admin_label=&#8221;D. Turbide&#8221; _builder_version=&#8221;4.23.1&#8243; global_colors_info=&#8221;{}&#8221;]<\/p>\n<p><a href=\"mailto:dturbide@jlpriest.com\">dturbide@jlpriest.com<\/a><\/p>\n<p>[\/et_pb_team_member][\/et_pb_column][et_pb_column type=&#8221;1_4&#8243; _builder_version=&#8221;4.16&#8243; custom_padding=&#8221;|||&#8221; global_colors_info=&#8221;{}&#8221; custom_padding__hover=&#8221;|||&#8221;][et_pb_team_member name=&#8221;Vincent Waite&#8221; position=&#8221;Charpentier-menuisier et contrema\u00eetre&#8221; image_url=&#8221;https:\/\/www.jlpriest.com\/wp-content\/uploads\/2021\/03\/employee_Vincent.jpg&#8221; admin_label=&#8221;V. Waite&#8221; _builder_version=&#8221;4.16&#8243; global_colors_info=&#8221;{}&#8221;]<\/p>\n<p>\nVincent est un charpentier-menuisier et contrema\u00eetre avec 7 ans d&#8217;exp\u00e9rience en construction. Vincent est aussi p\u00e8re de quatre enfants et fabrique des jouets de bois dans son temps libre.<br \/><a href=\"mailto:vwaite@jlpriest.com\">vwaite@jlpriest.com <\/a><\/p>\n<p>[\/et_pb_team_member][\/et_pb_column][et_pb_column type=&#8221;1_4&#8243; _builder_version=&#8221;4.16&#8243; custom_padding=&#8221;|||&#8221; global_colors_info=&#8221;{}&#8221; custom_padding__hover=&#8221;|||&#8221;][\/et_pb_column][\/et_pb_row][\/et_pb_section]<\/p>\n","protected":false},"excerpt":{"rendered":"<p>fangiolelli@jlpriest.comlarsenault@jlpriest.com Rosaire est un \u00e9lectricien avec 40 ans d\u2019exp\u00e9rience en \u00e9lectricit\u00e9, cumul\u00e9 \u00e0 la STM et chez Priest. Rosaire profite de son temps libre pour faire de la moto, du VTT et voyager.rdulude@jlpriest.com pguerin@jlpriest.comckeddy@jlpriest.comslafrance@jlpriest.comJ\u00e9r\u00e9mie est un gestionnaire de projet et estimateur avec 12 ans d\u2019exp\u00e9rience dans l\u2019industrie de la construction. J\u00e9r\u00e9mie est p\u00e8re d\u2019une petite [&hellip;]<\/p>\n","protected":false},"author":1,"featured_media":0,"parent":0,"menu_order":0,"comment_status":"closed","ping_status":"closed","template":"","meta":{"_et_pb_use_builder":"on","_et_pb_old_content":"","_et_gb_content_width":"","footnotes":""},"class_list":["post-337","page","type-page","status-publish","hentry"],"yoast_head":"<!-- This site is optimized with the Yoast SEO plugin v27.5 - https:\/\/yoast.com\/product\/yoast-seo-wordpress\/ -->\n<title>Team - JL Priest<\/title>\n<meta name=\"robots\" content=\"index, follow, max-snippet:-1, max-image-preview:large, max-video-preview:-1\" \/>\n<link rel=\"canonical\" href=\"https:\/\/www.jlpriest.com\/en\/equipe\/\" \/>\n<meta property=\"og:locale\" content=\"en_US\" \/>\n<meta property=\"og:type\" content=\"article\" \/>\n<meta property=\"og:title\" content=\"Team - JL Priest\" \/>\n<meta property=\"og:description\" content=\"fangiolelli@jlpriest.comlarsenault@jlpriest.com Rosaire est un \u00e9lectricien avec 40 ans d\u2019exp\u00e9rience en \u00e9lectricit\u00e9, cumul\u00e9 \u00e0 la STM et chez Priest. Rosaire profite de son temps libre pour faire de la moto, du VTT et voyager.rdulude@jlpriest.com pguerin@jlpriest.comckeddy@jlpriest.comslafrance@jlpriest.comJ\u00e9r\u00e9mie est un gestionnaire de projet et estimateur avec 12 ans d\u2019exp\u00e9rience dans l\u2019industrie de la construction. J\u00e9r\u00e9mie est p\u00e8re d\u2019une petite [&hellip;]\" \/>\n<meta property=\"og:url\" content=\"https:\/\/www.jlpriest.com\/en\/equipe\/\" \/>\n<meta property=\"og:site_name\" content=\"JL Priest\" \/>\n<meta property=\"article:publisher\" content=\"https:\/\/www.facebook.com\/priestjl\/\" \/>\n<meta property=\"article:modified_time\" content=\"2026-02-03T14:07:22+00:00\" \/>\n<meta property=\"og:image\" content=\"https:\/\/www.jlpriest.com\/wp-content\/uploads\/2018\/04\/Logo_Priest.png\" \/>\n\t<meta property=\"og:image:width\" content=\"687\" \/>\n\t<meta property=\"og:image:height\" content=\"357\" \/>\n\t<meta property=\"og:image:type\" content=\"image\/png\" \/>\n<meta name=\"twitter:card\" content=\"summary_large_image\" \/>\n<meta name=\"twitter:label1\" content=\"Est. reading time\" \/>\n\t<meta name=\"twitter:data1\" content=\"5 minutes\" \/>\n<script type=\"application\/ld+json\" class=\"yoast-schema-graph\">{\"@context\":\"https:\\\/\\\/schema.org\",\"@graph\":[{\"@type\":\"WebPage\",\"@id\":\"https:\\\/\\\/www.jlpriest.com\\\/en\\\/equipe\\\/\",\"url\":\"https:\\\/\\\/www.jlpriest.com\\\/en\\\/equipe\\\/\",\"name\":\"Team - JL Priest\",\"isPartOf\":{\"@id\":\"https:\\\/\\\/www.jlpriest.com\\\/#website\"},\"datePublished\":\"2018-04-26T18:24:12+00:00\",\"dateModified\":\"2026-02-03T14:07:22+00:00\",\"breadcrumb\":{\"@id\":\"https:\\\/\\\/www.jlpriest.com\\\/en\\\/equipe\\\/#breadcrumb\"},\"inLanguage\":\"en-US\",\"potentialAction\":[{\"@type\":\"ReadAction\",\"target\":[\"https:\\\/\\\/www.jlpriest.com\\\/en\\\/equipe\\\/\"]}]},{\"@type\":\"BreadcrumbList\",\"@id\":\"https:\\\/\\\/www.jlpriest.com\\\/en\\\/equipe\\\/#breadcrumb\",\"itemListElement\":[{\"@type\":\"ListItem\",\"position\":1,\"name\":\"Accueil\",\"item\":\"https:\\\/\\\/www.jlpriest.com\\\/en\\\/\"},{\"@type\":\"ListItem\",\"position\":2,\"name\":\"Team\"}]},{\"@type\":\"WebSite\",\"@id\":\"https:\\\/\\\/www.jlpriest.com\\\/#website\",\"url\":\"https:\\\/\\\/www.jlpriest.com\\\/\",\"name\":\"JL Priest\",\"description\":\"\",\"publisher\":{\"@id\":\"https:\\\/\\\/www.jlpriest.com\\\/#organization\"},\"potentialAction\":[{\"@type\":\"SearchAction\",\"target\":{\"@type\":\"EntryPoint\",\"urlTemplate\":\"https:\\\/\\\/www.jlpriest.com\\\/?s={search_term_string}\"},\"query-input\":{\"@type\":\"PropertyValueSpecification\",\"valueRequired\":true,\"valueName\":\"search_term_string\"}}],\"inLanguage\":\"en-US\"},{\"@type\":\"Organization\",\"@id\":\"https:\\\/\\\/www.jlpriest.com\\\/#organization\",\"name\":\"JL Priest\",\"url\":\"https:\\\/\\\/www.jlpriest.com\\\/\",\"logo\":{\"@type\":\"ImageObject\",\"inLanguage\":\"en-US\",\"@id\":\"https:\\\/\\\/www.jlpriest.com\\\/#\\\/schema\\\/logo\\\/image\\\/\",\"url\":\"https:\\\/\\\/www.jlpriest.com\\\/wp-content\\\/uploads\\\/2018\\\/09\\\/Logo_Priest_Const.png\",\"contentUrl\":\"https:\\\/\\\/www.jlpriest.com\\\/wp-content\\\/uploads\\\/2018\\\/09\\\/Logo_Priest_Const.png\",\"width\":259,\"height\":102,\"caption\":\"JL Priest\"},\"image\":{\"@id\":\"https:\\\/\\\/www.jlpriest.com\\\/#\\\/schema\\\/logo\\\/image\\\/\"},\"sameAs\":[\"https:\\\/\\\/www.facebook.com\\\/priestjl\\\/\",\"https:\\\/\\\/www.instagram.com\\\/jlpriest1964\\\/\"]}]}<\/script>\n<!-- \/ Yoast SEO plugin. -->","yoast_head_json":{"title":"Team - JL Priest","robots":{"index":"index","follow":"follow","max-snippet":"max-snippet:-1","max-image-preview":"max-image-preview:large","max-video-preview":"max-video-preview:-1"},"canonical":"https:\/\/www.jlpriest.com\/en\/equipe\/","og_locale":"en_US","og_type":"article","og_title":"Team - JL Priest","og_description":"fangiolelli@jlpriest.comlarsenault@jlpriest.com Rosaire est un \u00e9lectricien avec 40 ans d\u2019exp\u00e9rience en \u00e9lectricit\u00e9, cumul\u00e9 \u00e0 la STM et chez Priest. Rosaire profite de son temps libre pour faire de la moto, du VTT et voyager.rdulude@jlpriest.com pguerin@jlpriest.comckeddy@jlpriest.comslafrance@jlpriest.comJ\u00e9r\u00e9mie est un gestionnaire de projet et estimateur avec 12 ans d\u2019exp\u00e9rience dans l\u2019industrie de la construction. J\u00e9r\u00e9mie est p\u00e8re d\u2019une petite [&hellip;]","og_url":"https:\/\/www.jlpriest.com\/en\/equipe\/","og_site_name":"JL Priest","article_publisher":"https:\/\/www.facebook.com\/priestjl\/","article_modified_time":"2026-02-03T14:07:22+00:00","og_image":[{"width":687,"height":357,"url":"https:\/\/www.jlpriest.com\/wp-content\/uploads\/2018\/04\/Logo_Priest.png","type":"image\/png"}],"twitter_card":"summary_large_image","twitter_misc":{"Est. reading time":"5 minutes"},"schema":{"@context":"https:\/\/schema.org","@graph":[{"@type":"WebPage","@id":"https:\/\/www.jlpriest.com\/en\/equipe\/","url":"https:\/\/www.jlpriest.com\/en\/equipe\/","name":"Team - JL Priest","isPartOf":{"@id":"https:\/\/www.jlpriest.com\/#website"},"datePublished":"2018-04-26T18:24:12+00:00","dateModified":"2026-02-03T14:07:22+00:00","breadcrumb":{"@id":"https:\/\/www.jlpriest.com\/en\/equipe\/#breadcrumb"},"inLanguage":"en-US","potentialAction":[{"@type":"ReadAction","target":["https:\/\/www.jlpriest.com\/en\/equipe\/"]}]},{"@type":"BreadcrumbList","@id":"https:\/\/www.jlpriest.com\/en\/equipe\/#breadcrumb","itemListElement":[{"@type":"ListItem","position":1,"name":"Accueil","item":"https:\/\/www.jlpriest.com\/en\/"},{"@type":"ListItem","position":2,"name":"Team"}]},{"@type":"WebSite","@id":"https:\/\/www.jlpriest.com\/#website","url":"https:\/\/www.jlpriest.com\/","name":"JL Priest","description":"","publisher":{"@id":"https:\/\/www.jlpriest.com\/#organization"},"potentialAction":[{"@type":"SearchAction","target":{"@type":"EntryPoint","urlTemplate":"https:\/\/www.jlpriest.com\/?s={search_term_string}"},"query-input":{"@type":"PropertyValueSpecification","valueRequired":true,"valueName":"search_term_string"}}],"inLanguage":"en-US"},{"@type":"Organization","@id":"https:\/\/www.jlpriest.com\/#organization","name":"JL Priest","url":"https:\/\/www.jlpriest.com\/","logo":{"@type":"ImageObject","inLanguage":"en-US","@id":"https:\/\/www.jlpriest.com\/#\/schema\/logo\/image\/","url":"https:\/\/www.jlpriest.com\/wp-content\/uploads\/2018\/09\/Logo_Priest_Const.png","contentUrl":"https:\/\/www.jlpriest.com\/wp-content\/uploads\/2018\/09\/Logo_Priest_Const.png","width":259,"height":102,"caption":"JL Priest"},"image":{"@id":"https:\/\/www.jlpriest.com\/#\/schema\/logo\/image\/"},"sameAs":["https:\/\/www.facebook.com\/priestjl\/","https:\/\/www.instagram.com\/jlpriest1964\/"]}]}},"_links":{"self":[{"href":"https:\/\/www.jlpriest.com\/en\/wp-json\/wp\/v2\/pages\/337","targetHints":{"allow":["GET"]}}],"collection":[{"href":"https:\/\/www.jlpriest.com\/en\/wp-json\/wp\/v2\/pages"}],"about":[{"href":"https:\/\/www.jlpriest.com\/en\/wp-json\/wp\/v2\/types\/page"}],"author":[{"embeddable":true,"href":"https:\/\/www.jlpriest.com\/en\/wp-json\/wp\/v2\/users\/1"}],"replies":[{"embeddable":true,"href":"https:\/\/www.jlpriest.com\/en\/wp-json\/wp\/v2\/comments?post=337"}],"version-history":[{"count":167,"href":"https:\/\/www.jlpriest.com\/en\/wp-json\/wp\/v2\/pages\/337\/revisions"}],"predecessor-version":[{"id":2417,"href":"https:\/\/www.jlpriest.com\/en\/wp-json\/wp\/v2\/pages\/337\/revisions\/2417"}],"wp:attachment":[{"href":"https:\/\/www.jlpriest.com\/en\/wp-json\/wp\/v2\/media?parent=337"}],"curies":[{"name":"wp","href":"https:\/\/api.w.org\/{rel}","templated":true}]}}